{"id":10374,"date":"2023-04-17T12:52:16","date_gmt":"2023-04-17T12:52:16","guid":{"rendered":"https:\/\/yakem.net\/ticari-emtia\/"},"modified":"2023-10-26T11:38:26","modified_gmt":"2023-10-26T11:38:26","slug":"commodity-trade","status":"publish","type":"page","link":"https:\/\/yakem.net\/en\/commodity-trade\/","title":{"rendered":"COMMODITY TRADE"},"content":{"rendered":"\t\t<div data-elementor-type=\"wp-page\" data-elementor-id=\"10374\" class=\"elementor elementor-10374 elementor-9732\">\n\t\t\t\t\t\t<section class=\"elementor-section elementor-top-section elementor-element elementor-element-f30ddea qodef-elementor-content-grid elementor-section-boxed elementor-section-height-default elementor-section-height-default\" data-id=\"f30ddea\" data-element_type=\"section\" data-e-type=\"section\">\n\t\t\t\t\t\t<div class=\"elementor-container elementor-column-gap-default\">\n\t\t\t\t\t<div class=\"elementor-column elementor-col-100 elementor-top-column elementor-element elementor-element-c3be0ac\" data-id=\"c3be0ac\" data-element_type=\"column\" data-e-type=\"column\">\n\t\t\t<div class=\"elementor-widget-wrap elementor-element-populated\">\n\t\t\t\t\t\t<div class=\"elementor-element elementor-element-3c3ff41 elementor-widget elementor-widget-marity_core_portfolio_list\" data-id=\"3c3ff41\" data-element_type=\"widget\" data-e-type=\"widget\" data-widget_type=\"marity_core_portfolio_list.default\">\n\t\t\t\t<div class=\"elementor-widget-container\">\n\t\t\t\t\t<div class=\"qodef-shortcode qodef-m  qodef-portfolio-list qodef-item-behavior--columns qodef-item-layout--info-below qodef-grid qodef-layout--columns  qodef-gutter--normal qodef-col-num--3 qodef-item-layout--info-below qodef-pagination--on qodef-pagination-type--infinite-scroll qodef-responsive--predefined qodef-hover-animation--overlay\" data-options=\"{&quot;plugin&quot;:&quot;marity_core&quot;,&quot;module&quot;:&quot;post-types\\\/portfolio\\\/shortcodes&quot;,&quot;shortcode&quot;:&quot;portfolio-list&quot;,&quot;post_type&quot;:&quot;portfolio-item&quot;,&quot;next_page&quot;:&quot;2&quot;,&quot;max_pages_num&quot;:1,&quot;behavior&quot;:&quot;columns&quot;,&quot;images_proportion&quot;:&quot;custom&quot;,&quot;custom_image_width&quot;:&quot;800&quot;,&quot;custom_image_height&quot;:&quot;600&quot;,&quot;columns&quot;:&quot;3&quot;,&quot;columns_responsive&quot;:&quot;predefined&quot;,&quot;space&quot;:&quot;normal&quot;,&quot;enable_top_info&quot;:&quot;no&quot;,&quot;posts_per_page&quot;:&quot;12&quot;,&quot;orderby&quot;:&quot;date&quot;,&quot;order&quot;:&quot;DESC&quot;,&quot;additional_params&quot;:&quot;tax&quot;,&quot;tax&quot;:&quot;portfolio-category&quot;,&quot;tax_slug&quot;:&quot;T\\u0130CAR\\u0130 EMT\\u0130A&quot;,&quot;layout&quot;:&quot;info-below&quot;,&quot;hover_animation_info-below&quot;:&quot;overlay&quot;,&quot;hover_animation_info-follow&quot;:&quot;follow&quot;,&quot;hover_animation_info-on-hover&quot;:&quot;fade-in&quot;,&quot;hover_animation_info-right&quot;:&quot;overlay&quot;,&quot;title_tag&quot;:&quot;h5&quot;,&quot;custom_margin&quot;:&quot;no&quot;,&quot;pagination_type&quot;:&quot;infinite-scroll&quot;,&quot;info_below_content_margin_top&quot;:&quot;17px&quot;,&quot;object_class_name&quot;:&quot;MarityCore_Portfolio_List_Shortcode&quot;,&quot;taxonomy_filter&quot;:&quot;portfolio-category&quot;,&quot;additional_query_args&quot;:{&quot;tax_query&quot;:[{&quot;taxonomy&quot;:&quot;portfolio-category&quot;,&quot;field&quot;:&quot;slug&quot;,&quot;terms&quot;:&quot;T\\u0130CAR\\u0130 EMT\\u0130A&quot;}]},&quot;space_value&quot;:15}\">\n\t\t<div class=\"qodef-grid-inner\">\n\t\t<article class=\"qodef-e qodef-grid-item qodef-item--custom post-10328 portfolio-item type-portfolio-item status-publish has-post-thumbnail hentry portfolio-category-commodity-trade\">\n\t<div class=\"qodef-e-inner\" >\n\t\t<div class=\"qodef-e-media\">\n\t\t\t\t<div class=\"qodef-e-media-image\">\n\t\t<a itemprop=\"url\" href=\"https:\/\/yakem.net\/en\/urunlerimiz\/sodium-thiocyanate\/\" target=\"_self\">\n\t\t\t<img fetchpriority=\"high\" decoding=\"async\" src=\"https:\/\/yakem.net\/wp-content\/uploads\/2023\/04\/Artboard-18-800x600.jpg\" alt=\"\" width=\"800\" height=\"600\" data-ratio=\"1.3333333333333\" \/>\t\t<\/a>\n\t<\/div>\n\t\t<\/div>\n\t\t<div class=\"qodef-e-content\" style=\"margin-top:17px\">\n\t\t\t<div class=\"qodef-e-text\">\n\t\t\t\t<h5 itemprop=\"name\" class=\"qodef-e-title entry-title\" >\n\t<a itemprop=\"url\" class=\"qodef-e-title-link\" href=\"https:\/\/yakem.net\/en\/urunlerimiz\/sodium-thiocyanate\/\" target=\"_self\">\n\t\tSodium Thiocyanate\t<\/a>\n<\/h5>\n\t\t\t<\/div>\n            <div class=\"qodef-e-bottom-holder\">\n                <div class=\"qodef-e-info\">\n                    \t<a href=\"https:\/\/yakem.net\/en\/urun-kategori\/commodity-trade\/\" rel=\"tag\">COMMODITY TRADE<\/a>\t<div class=\"qodef-info-separator-end\"><\/div>\n                <\/div>\n            <\/div>\n\t\t<\/div>\n\t<\/div>\n<\/article>\n<article class=\"qodef-e qodef-grid-item qodef-item--custom post-10327 portfolio-item type-portfolio-item status-publish has-post-thumbnail hentry portfolio-category-commodity-trade\">\n\t<div class=\"qodef-e-inner\" >\n\t\t<div class=\"qodef-e-media\">\n\t\t\t\t<div class=\"qodef-e-media-image\">\n\t\t<a itemprop=\"url\" href=\"https:\/\/yakem.net\/en\/urunlerimiz\/sodium-lignosulphonate\/\" target=\"_self\">\n\t\t\t<img decoding=\"async\" src=\"https:\/\/yakem.net\/wp-content\/uploads\/2023\/04\/Artboard-20-800x600.jpg\" alt=\"\" width=\"800\" height=\"600\" data-ratio=\"1.3333333333333\" \/>\t\t<\/a>\n\t<\/div>\n\t\t<\/div>\n\t\t<div class=\"qodef-e-content\" style=\"margin-top:17px\">\n\t\t\t<div class=\"qodef-e-text\">\n\t\t\t\t<h5 itemprop=\"name\" class=\"qodef-e-title entry-title\" >\n\t<a itemprop=\"url\" class=\"qodef-e-title-link\" href=\"https:\/\/yakem.net\/en\/urunlerimiz\/sodium-lignosulphonate\/\" target=\"_self\">\n\t\tSodium Lignosulphonate\t<\/a>\n<\/h5>\n\t\t\t<\/div>\n            <div class=\"qodef-e-bottom-holder\">\n                <div class=\"qodef-e-info\">\n                    \t<a href=\"https:\/\/yakem.net\/en\/urun-kategori\/commodity-trade\/\" rel=\"tag\">COMMODITY TRADE<\/a>\t<div class=\"qodef-info-separator-end\"><\/div>\n                <\/div>\n            <\/div>\n\t\t<\/div>\n\t<\/div>\n<\/article>\n<article class=\"qodef-e qodef-grid-item qodef-item--custom post-10326 portfolio-item type-portfolio-item status-publish has-post-thumbnail hentry portfolio-category-commodity-trade\">\n\t<div class=\"qodef-e-inner\" >\n\t\t<div class=\"qodef-e-media\">\n\t\t\t\t<div class=\"qodef-e-media-image\">\n\t\t<a itemprop=\"url\" href=\"https:\/\/yakem.net\/en\/urunlerimiz\/sodium-gluconate\/\" target=\"_self\">\n\t\t\t<img decoding=\"async\" src=\"https:\/\/yakem.net\/wp-content\/uploads\/2023\/04\/Artboard-2-800x600.jpg\" alt=\"\" width=\"800\" height=\"600\" data-ratio=\"1.3333333333333\" \/>\t\t<\/a>\n\t<\/div>\n\t\t<\/div>\n\t\t<div class=\"qodef-e-content\" style=\"margin-top:17px\">\n\t\t\t<div class=\"qodef-e-text\">\n\t\t\t\t<h5 itemprop=\"name\" class=\"qodef-e-title entry-title\" >\n\t<a itemprop=\"url\" class=\"qodef-e-title-link\" href=\"https:\/\/yakem.net\/en\/urunlerimiz\/sodium-gluconate\/\" target=\"_self\">\n\t\tSodium Gluconate\t<\/a>\n<\/h5>\n\t\t\t<\/div>\n            <div class=\"qodef-e-bottom-holder\">\n                <div class=\"qodef-e-info\">\n                    \t<a href=\"https:\/\/yakem.net\/en\/urun-kategori\/commodity-trade\/\" rel=\"tag\">COMMODITY TRADE<\/a>\t<div class=\"qodef-info-separator-end\"><\/div>\n                <\/div>\n            <\/div>\n\t\t<\/div>\n\t<\/div>\n<\/article>\n\t<\/div>\n\t<\/div>\n\t\t\t\t<\/div>\n\t\t\t\t<\/div>\n\t\t\t\t\t<\/div>\n\t\t<\/div>\n\t\t\t\t\t<\/div>\n\t\t<\/section>\n\t\t\t\t<\/div>\n\t\t","protected":false},"excerpt":{"rendered":"<p>Sodyum Lignos\u00fclfonat T\u0130CAR\u0130 EMT\u0130A Sodyum Glukonat T\u0130CAR\u0130 EMT\u0130A<\/p>\n","protected":false},"author":1,"featured_media":0,"parent":0,"menu_order":0,"comment_status":"closed","ping_status":"closed","template":"","meta":{"footnotes":""},"class_list":["post-10374","page","type-page","status-publish","hentry"],"_links":{"self":[{"href":"https:\/\/yakem.net\/en\/wp-json\/wp\/v2\/pages\/10374","targetHints":{"allow":["GET"]}}],"collection":[{"href":"https:\/\/yakem.net\/en\/wp-json\/wp\/v2\/pages"}],"about":[{"href":"https:\/\/yakem.net\/en\/wp-json\/wp\/v2\/types\/page"}],"author":[{"embeddable":true,"href":"https:\/\/yakem.net\/en\/wp-json\/wp\/v2\/users\/1"}],"replies":[{"embeddable":true,"href":"https:\/\/yakem.net\/en\/wp-json\/wp\/v2\/comments?post=10374"}],"version-history":[{"count":1,"href":"https:\/\/yakem.net\/en\/wp-json\/wp\/v2\/pages\/10374\/revisions"}],"predecessor-version":[{"id":10375,"href":"https:\/\/yakem.net\/en\/wp-json\/wp\/v2\/pages\/10374\/revisions\/10375"}],"wp:attachment":[{"href":"https:\/\/yakem.net\/en\/wp-json\/wp\/v2\/media?parent=10374"}],"curies":[{"name":"wp","href":"https:\/\/api.w.org\/{rel}","templated":true}]}}